{"id":18,"date":"2017-07-13T07:59:18","date_gmt":"2017-07-13T05:59:18","guid":{"rendered":"http:\/\/rehacomplex.com\/?page_id=18"},"modified":"2017-07-13T08:36:36","modified_gmt":"2017-07-13T06:36:36","slug":"kontakt","status":"publish","type":"page","link":"http:\/\/rehacomplex.com\/index.php\/kontakt\/","title":{"rendered":"Kontakt"},"content":{"rendered":"<h2 style=\"font-variant: small-caps; text-align:left; color: #ffffff; background-color: #36a8eb; padding: 10px;\">Bi\u0142goraj ul. D\u0142uga 72<\/h2>\n<p>O\u015brodek Rehabilitacji Dziennej<br \/>\nPracownia Fizjoterapii<\/p>\n<p><iframe loading=\"lazy\" style=\"border: 0;\" src=\"https:\/\/www.google.com\/maps\/embed?pb=!1m18!1m12!1m3!1d2929.7353599294966!2d22.723192596660958!3d50.53802037075587!2m3!1f0!2f0!3f0!3m2!1i1024!2i768!4f13.1!3m3!1m2!1s0x47233675ebcdc26f%3A0xe5369c429ae4737d!2sReha-complex.+NZOZ!5e0!3m2!1spl!2spl!4v1487680551473\" width=\"600\" height=\"450\" frameborder=\"0\" allowfullscreen=\"allowfullscreen\"><\/iframe><\/p>\n<h2 style=\"font-variant: small-caps; text-align:left; color: #ffffff; background-color: #36a8eb; padding: 10px;\">\u0141ukowa 246<\/h2>\n<p>Pracownia Fizjoterapii<\/p>\n<p><iframe loading=\"lazy\" style=\"border: 0;\" src=\"https:\/\/www.google.com\/maps\/embed?pb=!1m18!1m12!1m3!1d2544.5898536981736!2d22.939261316018438!3d50.374201879464785!2m3!1f0!2f0!3f0!3m2!1i1024!2i768!4f13.1!3m3!1m2!1s0x473cad122a69fd7f%3A0xe189615425ffc4a9!2zxYF1a293YSAyNDYsIDIzLTQxMiDFgXVrb3dh!5e0!3m2!1spl!2spl!4v1487680450076\" width=\"600\" height=\"450\" frameborder=\"0\" allowfullscreen=\"allowfullscreen\"><\/iframe><\/p>\n","protected":false},"excerpt":{"rendered":"<p>Bi\u0142goraj ul. D\u0142uga 72 O\u015brodek Rehabilitacji Dziennej Pracownia Fizjoterapii \u0141ukowa 246 Pracownia Fizjoterapii<\/p>\n","protected":false},"author":1,"featured_media":0,"parent":0,"menu_order":0,"comment_status":"closed","ping_status":"closed","template":"","meta":[],"_links":{"self":[{"href":"http:\/\/rehacomplex.com\/index.php\/wp-json\/wp\/v2\/pages\/18"}],"collection":[{"href":"http:\/\/rehacomplex.com\/index.php\/wp-json\/wp\/v2\/pages"}],"about":[{"href":"http:\/\/rehacomplex.com\/index.php\/wp-json\/wp\/v2\/types\/page"}],"author":[{"embeddable":true,"href":"http:\/\/rehacomplex.com\/index.php\/wp-json\/wp\/v2\/users\/1"}],"replies":[{"embeddable":true,"href":"http:\/\/rehacomplex.com\/index.php\/wp-json\/wp\/v2\/comments?post=18"}],"version-history":[{"count":2,"href":"http:\/\/rehacomplex.com\/index.php\/wp-json\/wp\/v2\/pages\/18\/revisions"}],"predecessor-version":[{"id":59,"href":"http:\/\/rehacomplex.com\/index.php\/wp-json\/wp\/v2\/pages\/18\/revisions\/59"}],"wp:attachment":[{"href":"http:\/\/rehacomplex.com\/index.php\/wp-json\/wp\/v2\/media?parent=18"}],"curies":[{"name":"wp","href":"https:\/\/api.w.org\/{rel}","templated":true}]}}